{"id":5,"date":"2015-05-01T08:17:50","date_gmt":"2015-05-01T08:17:50","guid":{"rendered":"http:\/\/www.lakyputz.com\/?page_id=5"},"modified":"2015-05-05T12:08:09","modified_gmt":"2015-05-05T12:08:09","slug":"uber-uns","status":"publish","type":"page","link":"http:\/\/www.lakyputz.com\/","title":{"rendered":"\u00dcber Uns"},"content":{"rendered":"<p>Mit unserer Firma Laky Putz k\u00f6nnen Sie bis zu 50 % der Energiekosten einsparen!<\/p>\n<p>In der heutigen Welt, erleben wir immer erneut, dass Energiekosten erh\u00f6ht werden, so ist es sehr wichtig, gute Fassaden mit der neuesten Technologie zu haben.<\/p>\n<p>Es wird Ihnen helfen im Laufe der Jahre eine Menge Geld zu sparen!<\/p>\n<p>Wir bieten professionelle L\u00f6sungen mit neuen Technologien in D\u00e4mmtechnik, egal ob es sich um Neubau oder Renovierung handelt.<\/p>\n<p>Wir sind ein neu gegr\u00fcndetes Unternehmen in Linz. Herr Latic, verf\u00fcgt aber \u00fcber 14 Jahre Erfahrung in der Branche auf welche Sie sich verlassen k\u00f6nnen!<\/p>\n<p>Wir passen unsere Dienstleistungen und Produkte f\u00fcr Ihre Bed\u00fcrfnisse an und geben Ihnen aktuelle Informationen \u00fcber alle Prozesse bei der Arbeit.<\/p>\n<p>Sie k\u00f6nnen auf Laky Putz, die professionelle Isolierung, welche sich lohnt \u2013 z\u00e4hlen!<\/p>\n","protected":false},"excerpt":{"rendered":"<p>Mit unserer Firma Laky Putz k\u00f6nnen Sie bis zu 50 % der Energiekosten einsparen! In der heutigen Welt, erleben wir immer erneut, dass Energiekosten erh\u00f6ht werden, so ist es sehr wichtig, gute Fassaden mit der neuesten Technologie zu haben. Es wird Ihnen helfen im Laufe der Jahre eine Menge Geld zu sparen! Wir bieten professionelle &hellip; <a href=\"http:\/\/www.lakyputz.com\/\" class=\"more-link\">Continue reading <span class=\"screen-reader-text\">\u00dcber Uns<\/span> <span class=\"meta-nav\">&rarr;<\/span><\/a><\/p>\n","protected":false},"author":1,"featured_media":62,"parent":0,"menu_order":0,"comment_status":"closed","ping_status":"closed","template":"","meta":{"footnotes":""},"class_list":["post-5","page","type-page","status-publish","has-post-thumbnail","hentry"],"jetpack_sharing_enabled":true,"_links":{"self":[{"href":"http:\/\/www.lakyputz.com\/index.php?rest_route=\/wp\/v2\/pages\/5","targetHints":{"allow":["GET"]}}],"collection":[{"href":"http:\/\/www.lakyputz.com\/index.php?rest_route=\/wp\/v2\/pages"}],"about":[{"href":"http:\/\/www.lakyputz.com\/index.php?rest_route=\/wp\/v2\/types\/page"}],"author":[{"embeddable":true,"href":"http:\/\/www.lakyputz.com\/index.php?rest_route=\/wp\/v2\/users\/1"}],"replies":[{"embeddable":true,"href":"http:\/\/www.lakyputz.com\/index.php?rest_route=%2Fwp%2Fv2%2Fcomments&post=5"}],"version-history":[{"count":10,"href":"http:\/\/www.lakyputz.com\/index.php?rest_route=\/wp\/v2\/pages\/5\/revisions"}],"predecessor-version":[{"id":105,"href":"http:\/\/www.lakyputz.com\/index.php?rest_route=\/wp\/v2\/pages\/5\/revisions\/105"}],"wp:featuredmedia":[{"embeddable":true,"href":"http:\/\/www.lakyputz.com\/index.php?rest_route=\/wp\/v2\/media\/62"}],"wp:attachment":[{"href":"http:\/\/www.lakyputz.com\/index.php?rest_route=%2Fwp%2Fv2%2Fmedia&parent=5"}],"curies":[{"name":"wp","href":"https:\/\/api.w.org\/{rel}","templated":true}]}}