{"id":41,"date":"2015-05-01T09:06:30","date_gmt":"2015-05-01T09:06:30","guid":{"rendered":"http:\/\/www.lakyputz.com\/?page_id=41"},"modified":"2015-05-05T12:15:36","modified_gmt":"2015-05-05T12:15:36","slug":"fassaden","status":"publish","type":"page","link":"http:\/\/www.lakyputz.com\/?page_id=41","title":{"rendered":"Fassaden"},"content":{"rendered":"<p>Wenn Sie f\u00fcr eine vollst\u00e4ndige und qualitativ hochwertige Isolationssysteme mit Garantie in einer L\u00f6sung suchen, die Sie an den richtigen Ort gekommen!<\/p>\n<p>Laky Putz bietet neueste Technologien und hochwertige Fassadensysteme f\u00fcr Ihre Wohnung, Einfamilienhaus, Industriegeb\u00e4ude oder den Bauernhof.<\/p>\n<p>Rufen Sie uns gleich an und sparen Sie Geld mit Laky Putz noch heute!<\/p>\n","protected":false},"excerpt":{"rendered":"<p>Wenn Sie f\u00fcr eine vollst\u00e4ndige und qualitativ hochwertige Isolationssysteme mit Garantie in einer L\u00f6sung suchen, die Sie an den richtigen Ort gekommen! Laky Putz bietet neueste Technologien und hochwertige Fassadensysteme f\u00fcr Ihre Wohnung, Einfamilienhaus, Industriegeb\u00e4ude oder den Bauernhof. Rufen Sie uns gleich an und sparen Sie Geld mit Laky Putz noch heute!<\/p>\n","protected":false},"author":1,"featured_media":70,"parent":0,"menu_order":0,"comment_status":"closed","ping_status":"closed","template":"","meta":{"footnotes":""},"class_list":["post-41","page","type-page","status-publish","has-post-thumbnail","hentry"],"jetpack_sharing_enabled":true,"_links":{"self":[{"href":"http:\/\/www.lakyputz.com\/index.php?rest_route=\/wp\/v2\/pages\/41","targetHints":{"allow":["GET"]}}],"collection":[{"href":"http:\/\/www.lakyputz.com\/index.php?rest_route=\/wp\/v2\/pages"}],"about":[{"href":"http:\/\/www.lakyputz.com\/index.php?rest_route=\/wp\/v2\/types\/page"}],"author":[{"embeddable":true,"href":"http:\/\/www.lakyputz.com\/index.php?rest_route=\/wp\/v2\/users\/1"}],"replies":[{"embeddable":true,"href":"http:\/\/www.lakyputz.com\/index.php?rest_route=%2Fwp%2Fv2%2Fcomments&post=41"}],"version-history":[{"count":4,"href":"http:\/\/www.lakyputz.com\/index.php?rest_route=\/wp\/v2\/pages\/41\/revisions"}],"predecessor-version":[{"id":106,"href":"http:\/\/www.lakyputz.com\/index.php?rest_route=\/wp\/v2\/pages\/41\/revisions\/106"}],"wp:featuredmedia":[{"embeddable":true,"href":"http:\/\/www.lakyputz.com\/index.php?rest_route=\/wp\/v2\/media\/70"}],"wp:attachment":[{"href":"http:\/\/www.lakyputz.com\/index.php?rest_route=%2Fwp%2Fv2%2Fmedia&parent=41"}],"curies":[{"name":"wp","href":"https:\/\/api.w.org\/{rel}","templated":true}]}}